{"id":3032,"date":"2022-03-18T12:00:19","date_gmt":"2022-03-18T11:00:19","guid":{"rendered":"https:\/\/www.phils.aero\/?page_id=3032"},"modified":"2022-03-30T09:49:12","modified_gmt":"2022-03-30T07:49:12","slug":"businessfluege","status":"publish","type":"page","link":"https:\/\/www.phils.aero\/en\/businessfluege\/","title":{"rendered":"Businessfl\u00fcge"},"content":{"rendered":"<div data-elementor-type=\"wp-page\" data-elementor-id=\"3032\" class=\"elementor elementor-3032\">\n\t\t\t\t\t\t<section class=\"elementor-section elementor-top-section elementor-element elementor-element-4d9bbf1c elementor-section-height-min-height elementor-section-items-stretch elementor-section-boxed elementor-section-height-default\" data-id=\"4d9bbf1c\" data-element_type=\"section\" data-e-type=\"section\" data-settings=\"{&quot;background_background&quot;:&quot;classic&quot;,&quot;shape_divider_bottom&quot;:&quot;tilt&quot;}\">\r\n\t\t\t\t\t<div class=\"elementor-shape elementor-shape-bottom\" data-negative=\"false\">\r\n\t\t\t<svg xmlns=\"http:\/\/www.w3.org\/2000\/svg\" viewbox=\"0 0 1000 100\" preserveaspectratio=\"none\">\n\t<path class=\"elementor-shape-fill\" d=\"M0,6V0h1000v100L0,6z\"\/>\n<\/svg>\t\t<\/div>\r\n\t\t\t\t\t<div class=\"elementor-container elementor-column-gap-no\"><div class=\"elementor-row\">\r\n\t\t\t\t\t<div class=\"elementor-column elementor-col-50 elementor-top-column elementor-element elementor-element-7131bca9\" data-id=\"7131bca9\" data-element_type=\"column\" data-e-type=\"column\">\n\t\t\t<div class=\"elementor-widget-wrap elementor-element-populated\">\n\t\t\t\t\t\t<div class=\"elementor-element elementor-element-44c6abed elementor-hidden-desktop flex-horizontal-align-default flex-horizontal-align-tablet-default flex-horizontal-align-mobile-default flex-vertical-align-default flex-vertical-align-tablet-default flex-vertical-align-mobile-default elementor-widget elementor-widget-heading\" data-id=\"44c6abed\" data-element_type=\"widget\" data-e-type=\"widget\" data-widget_type=\"heading.default\">\n\t\t\t\t<div class=\"elementor-widget-container\">\n\t\t\t\t\t<h1 class=\"elementor-heading-title elementor-size-default\">BUSINESS FLIGHTS<\/h1>\t\t\t\t<\/div>\n\t\t\t\t<\/div>\n\t\t\t\t<div class=\"elementor-element elementor-element-7c438ac7 elementor-hidden-desktop flex-horizontal-align-default flex-horizontal-align-tablet-default flex-horizontal-align-mobile-default flex-vertical-align-default flex-vertical-align-tablet-default flex-vertical-align-mobile-default elementor-widget elementor-widget-heading\" data-id=\"7c438ac7\" data-element_type=\"widget\" data-e-type=\"widget\" data-widget_type=\"heading.default\">\n\t\t\t\t<div class=\"elementor-widget-container\">\n\t\t\t\t\t<h3 class=\"light elementor-heading-title elementor-size-default\"><b>Business trip by air? No problem- I\u2019ll get YOU to YOUR destination.<\/b><\/h3>\t\t\t\t<\/div>\n\t\t\t\t<\/div>\n\t\t\t\t<div class=\"elementor-element elementor-element-4cb5d7c elementor-hidden-tablet elementor-hidden-mobile flex-horizontal-align-default flex-horizontal-align-tablet-default flex-horizontal-align-mobile-default flex-vertical-align-default flex-vertical-align-tablet-default flex-vertical-align-mobile-default elementor-widget elementor-widget-heading\" data-id=\"4cb5d7c\" data-element_type=\"widget\" data-e-type=\"widget\" data-widget_type=\"heading.default\">\n\t\t\t\t<div class=\"elementor-widget-container\">\n\t\t\t\t\t<h1 class=\"elementor-heading-title elementor-size-default\">BUSINESS FLIGHTS<\/h1>\t\t\t\t<\/div>\n\t\t\t\t<\/div>\n\t\t\t\t<div class=\"elementor-element elementor-element-4fd8640 elementor-hidden-tablet elementor-hidden-mobile flex-horizontal-align-default flex-horizontal-align-tablet-default flex-horizontal-align-mobile-default flex-vertical-align-default flex-vertical-align-tablet-default flex-vertical-align-mobile-default elementor-widget elementor-widget-heading\" data-id=\"4fd8640\" data-element_type=\"widget\" data-e-type=\"widget\" data-widget_type=\"heading.default\">\n\t\t\t\t<div class=\"elementor-widget-container\">\n\t\t\t\t\t<h3 class=\"light elementor-heading-title elementor-size-default\"><b>Business trip by air? No problem- I\u2019ll get YOU to YOUR destination.<\/b><\/h3>\t\t\t\t<\/div>\n\t\t\t\t<\/div>\n\t\t\t\t<div class=\"elementor-element elementor-element-430a447 elementor-widget-divider--view-line flex-horizontal-align-default flex-horizontal-align-tablet-default flex-horizontal-align-mobile-default flex-vertical-align-default flex-vertical-align-tablet-default flex-vertical-align-mobile-default elementor-widget elementor-widget-divider\" data-id=\"430a447\" data-element_type=\"widget\" data-e-type=\"widget\" data-widget_type=\"divider.default\">\n\t\t\t\t<div class=\"elementor-widget-container\">\n\t\t\t\t\t\t\t<div class=\"elementor-divider\">\n\t\t\t<span class=\"elementor-divider-separator\">\n\t\t\t\t\t\t<\/span>\n\t\t<\/div>\n\t\t\t\t\t\t<\/div>\n\t\t\t\t<\/div>\n\t\t\t\t\t<\/div>\n\t\t<\/div>\n\t\t\t\t<div class=\"elementor-column elementor-col-50 elementor-top-column elementor-element elementor-element-1e1f8fc7\" data-id=\"1e1f8fc7\" data-element_type=\"column\" data-e-type=\"column\">\n\t\t\t<div class=\"elementor-widget-wrap elementor-element-populated\">\n\t\t\t\t\t\t<div class=\"elementor-element elementor-element-662850e7 flex-horizontal-align-default flex-horizontal-align-tablet-default flex-horizontal-align-mobile-default flex-vertical-align-default flex-vertical-align-tablet-default flex-vertical-align-mobile-default elementor-widget elementor-widget-image\" data-id=\"662850e7\" data-element_type=\"widget\" data-e-type=\"widget\" data-widget_type=\"image.default\">\n\t\t\t\t<div class=\"elementor-widget-container\">\n\t\t\t\t\t\t\t\t\t\t\t\t\t\t\t\t<a href=\"https:\/\/www.phils.aero\/en\/cirrus_sr22t\/\">\n\t\t\t\t\t\t\t<img width=\"1024\" height=\"706\" src=\"https:\/\/www.phils.aero\/wp-content\/uploads\/2022\/03\/Cirrus_Businessfluege-1024x706.png\" class=\"attachment-large size-large wp-image-3060\" alt=\"\" srcset=\"https:\/\/www.phils.aero\/wp-content\/uploads\/2022\/03\/Cirrus_Businessfluege-1024x706.png 1024w, https:\/\/www.phils.aero\/wp-content\/uploads\/2022\/03\/Cirrus_Businessfluege-300x207.png 300w, https:\/\/www.phils.aero\/wp-content\/uploads\/2022\/03\/Cirrus_Businessfluege-768x530.png 768w, https:\/\/www.phils.aero\/wp-content\/uploads\/2022\/03\/Cirrus_Businessfluege-1536x1059.png 1536w, https:\/\/www.phils.aero\/wp-content\/uploads\/2022\/03\/Cirrus_Businessfluege.png 2000w\" sizes=\"(max-width: 1024px) 100vw, 1024px\" \/>\t\t\t\t\t\t\t\t<\/a>\n\t\t\t\t\t\t\t\t\t\t\t\t\t\t\t<\/div>\n\t\t\t\t<\/div>\n\t\t\t\t\t<\/div>\n\t\t<\/div>\n\t\t\t\t\t<\/div><\/div>\r\n\t\t<\/section>\r\n\t\t\t\t<section class=\"elementor-section elementor-top-section elementor-element elementor-element-1120c64b elementor-section-boxed elementor-section-height-default elementor-section-height-default\" data-id=\"1120c64b\" data-element_type=\"section\" data-e-type=\"section\" data-settings=\"{&quot;background_background&quot;:&quot;classic&quot;}\">\r\n\t\t\t\t\t\t<div class=\"elementor-container elementor-column-gap-thegem\"><div class=\"elementor-row\">\r\n\t\t\t\t\t<div class=\"elementor-column elementor-col-100 elementor-top-column elementor-element elementor-element-5b5e1e12\" data-id=\"5b5e1e12\" data-element_type=\"column\" data-e-type=\"column\">\n\t\t\t<div class=\"elementor-widget-wrap elementor-element-populated\">\n\t\t\t\t\t\t<section class=\"elementor-section elementor-inner-section elementor-element elementor-element-6f487eda elementor-section-boxed elementor-section-height-default elementor-section-height-default\" data-id=\"6f487eda\" data-element_type=\"section\" data-e-type=\"section\">\r\n\t\t\t\t\t\t<div class=\"elementor-container elementor-column-gap-thegem\"><div class=\"elementor-row\">\r\n\t\t\t\t\t<div class=\"elementor-column elementor-col-100 elementor-inner-column elementor-element elementor-element-3abf69c3\" data-id=\"3abf69c3\" data-element_type=\"column\" data-e-type=\"column\">\n\t\t\t<div class=\"elementor-widget-wrap elementor-element-populated\">\n\t\t\t\t\t\t<div class=\"elementor-element elementor-element-de23a2f flex-horizontal-align-default flex-horizontal-align-tablet-default flex-horizontal-align-mobile-default flex-vertical-align-default flex-vertical-align-tablet-default flex-vertical-align-mobile-default elementor-widget elementor-widget-text-editor\" data-id=\"de23a2f\" data-element_type=\"widget\" data-e-type=\"widget\" data-widget_type=\"text-editor.default\">\n\t\t\t\t<div class=\"elementor-widget-container\">\n\t\t\t\t\t\t\t\t\t\t\t\t<div class=\"elementor-text-editor elementor-clearfix\">\r\n\t\t\t\t\t\t<p class=\"styled-subtitle\">Do you have an important appointment to get to, or do you want to spend a day in another city? Then let's set off on the spur of the moment!<\/p><p class=\"styled-subtitle\">I would be happy to pick you up from your home or workplace; we will travel together to Chemnitz\/Jahnsdorf Airfield and depart immediately for the destination of your choice! Whether it is a business meeting in Hamburg or a visit to Stuttgart, I will fly you wherever you urgently need to go. I will wait for you at the destination airfield until you have finished your business\u2014right up until our departure for your next destination or back home.<\/p><p class=\"styled-subtitle\">If you only need a one-way flight, or need to travel to a different destination, please feel free to ask me.<\/p>\t\t\t\t\t\t\t<\/div>\r\n\t\t\t\t\t\t\t\t\t\t<\/div>\n\t\t\t\t<\/div>\n\t\t\t\t<div class=\"elementor-element elementor-element-249a3f8 flex-horizontal-align-default flex-horizontal-align-tablet-default flex-horizontal-align-mobile-default flex-vertical-align-default flex-vertical-align-tablet-default flex-vertical-align-mobile-default elementor-widget elementor-widget-text-editor\" data-id=\"249a3f8\" data-element_type=\"widget\" data-e-type=\"widget\" data-widget_type=\"text-editor.default\">\n\t\t\t\t<div class=\"elementor-widget-container\">\n\t\t\t\t\t\t\t\t\t\t\t\t<div class=\"elementor-text-editor elementor-clearfix\">\r\n\t\t\t\t\t\t<p>Please note that all my flights are cost-sharing flights, in accordance with Article 6, Paragraph 4 of EU Regulation No. 965\/2012.<\/p>\t\t\t\t\t\t\t<\/div>\r\n\t\t\t\t\t\t\t\t\t\t<\/div>\n\t\t\t\t<\/div>\n\t\t\t\t<div class=\"elementor-element elementor-element-a36192f flex-horizontal-align-default flex-horizontal-align-tablet-default flex-horizontal-align-mobile-default flex-vertical-align-default flex-vertical-align-tablet-default flex-vertical-align-mobile-default elementor-widget elementor-widget-heading\" data-id=\"a36192f\" data-element_type=\"widget\" data-e-type=\"widget\" data-widget_type=\"heading.default\">\n\t\t\t\t<div class=\"elementor-widget-container\">\n\t\t\t\t\t<h4 class=\"elementor-heading-title elementor-size-default\">THE PLANE:<\/h4>\t\t\t\t<\/div>\n\t\t\t\t<\/div>\n\t\t\t\t<div class=\"elementor-element elementor-element-31f3567 elementor-widget__width-auto flex-horizontal-align-default flex-horizontal-align-tablet-default flex-horizontal-align-mobile-default flex-vertical-align-default flex-vertical-align-tablet-default flex-vertical-align-mobile-default elementor-widget elementor-widget-button\" data-id=\"31f3567\" data-element_type=\"widget\" data-e-type=\"widget\" data-widget_type=\"button.default\">\n\t\t\t\t<div class=\"elementor-widget-container\">\n\t\t\t\t\t\t\t\t\t<div class=\"elementor-button-wrapper\">\n\t\t\t\t\t<a class=\"elementor-button elementor-button-link elementor-size-sm\" href=\"https:\/\/www.phils.aero\/en\/cirrus_sr22t\/\">\n\t\t\t\t\t\t<span class=\"elementor-button-content-wrapper\">\n\t\t\t\t\t\t\t\t\t<span class=\"elementor-button-text\">CIRRUS SR22T<\/span>\n\t\t\t\t\t<\/span>\n\t\t\t\t\t<\/a>\n\t\t\t\t<\/div>\n\t\t\t\t\t\t\t\t<\/div>\n\t\t\t\t<\/div>\n\t\t\t\t\t<\/div>\n\t\t<\/div>\n\t\t\t\t\t<\/div><\/div>\r\n\t\t<\/section>\r\n\t\t\t\t<div class=\"elementor-element elementor-element-7fde049b flex-horizontal-align-default flex-horizontal-align-tablet-default flex-horizontal-align-mobile-default flex-vertical-align-default flex-vertical-align-tablet-default flex-vertical-align-mobile-default elementor-widget elementor-widget-thegem-gallery-grid\" data-id=\"7fde049b\" data-element_type=\"widget\" data-e-type=\"widget\" data-settings=\"{&quot;container_margin&quot;:{&quot;unit&quot;:&quot;px&quot;,&quot;size&quot;:29,&quot;sizes&quot;:[]},&quot;thegem_elementor_preset&quot;:&quot;default&quot;,&quot;columns_desktop&quot;:&quot;3x&quot;,&quot;columns_tablet&quot;:&quot;2x&quot;,&quot;columns_mobile&quot;:&quot;1x&quot;,&quot;title_show&quot;:&quot;yes&quot;,&quot;description_show&quot;:&quot;yes&quot;,&quot;icon_show&quot;:&quot;yes&quot;,&quot;ajax_preloader_type&quot;:&quot;default&quot;,&quot;container_margin_tablet&quot;:{&quot;unit&quot;:&quot;px&quot;,&quot;size&quot;:&quot;&quot;,&quot;sizes&quot;:[]},&quot;container_margin_mobile&quot;:{&quot;unit&quot;:&quot;px&quot;,&quot;size&quot;:&quot;&quot;,&quot;sizes&quot;:[]}}\" data-widget_type=\"thegem-gallery-grid.default\">\n\t\t\t\t<div class=\"elementor-widget-container\">\n\t\t\t\t\t<div class=\"preloader save-space\"><div class=\"preloader-spin\"><\/div><\/div> <div class=\"gallery-preloader-wrapper\"> <div class=\"row\"> <div class=\"gem-gallery-grid gallery-style-metro hover-horizontal-sliding metro metro-item-style-default without-padding columns-3 columns-tablet-2 columns-mobile-1 loading-animation item-animation-move-up full-image\" data-uid=\"7fde049b\" data-hover=\"horizontal-sliding\" data-filter=\"[]\"> <div class=\"portfolio not-fullwidth-block\"> <ul class=\"gallery-set clearfix\" data-max-row-height=\"380\"> <li class=\"gallery-item gallery-0 col-xs-12 col-sm-6 col-md-4 item-animations-not-inited single-icon post-3032 page type-page status-publish\" style=\"padding: calc(29px\/2); \"> <div class=\"wrap gem-wrapbox gem-wrapbox-style-default\"> <div class=\"overlay-wrap\"> <div class=\"image-wrap\"> <picture> <source srcset=\"https:\/\/www.phils.aero\/wp-content\/uploads\/2022\/03\/IMG_0780-scaled-thegem-portfolio-metro.jpg 1x\" sizes=\"100vw\"> <img src=\"https:\/\/www.phils.aero\/wp-content\/uploads\/2022\/03\/IMG_0780-scaled-thegem-portfolio-metro.jpg\" width=\"667\" height=\"500\" class=\"attachment-thegem-portfolio-metro\" alt=\"Wolken\" \/> <\/picture> <\/div> <div class=\"overlay\"> <div class=\"overlay-circle\"><\/div> <a href=\"https:\/\/www.phils.aero\/wp-content\/uploads\/2022\/03\/IMG_0780-scaled.jpg\" class=\"gallery-item-link fancy-gallery\" data-fancybox=\"gallery-6a05cf70e5f57\" data-elementor-open-lightbox=\"no\" aria-label=\"Fullsize Image: \u00dcber den Wolken\"> <span class=\"slide-info\"> <\/span> <\/a> <div class=\"overlay-content\"> <div class=\"overlay-content-center\"> <div class=\"overlay-content-inner\"> <a href=\"https:\/\/www.phils.aero\/wp-content\/uploads\/2022\/03\/IMG_0780-scaled.jpg\" class=\"icon photo\" aria-label=\"Fullsize Image: \u00dcber den Wolken\"> <i class=\"default\"><\/i> <\/a> <div class=\"subtitle\"> Philipp Wetzel, Pilot, Rundfl\u00fcge, Businessfl\u00fcge, Kunstfl\u00fcge <\/div> <\/div> <\/div> <\/div> <\/div> <\/div> <\/div> <\/li> <li class=\"gallery-item gallery-0 col-xs-12 col-sm-6 col-md-4 item-animations-not-inited single-icon post-3032 page type-page status-publish\" style=\"padding: calc(29px\/2); \"> <div class=\"wrap gem-wrapbox gem-wrapbox-style-default\"> <div class=\"overlay-wrap\"> <div class=\"image-wrap\"> <picture> <source srcset=\"https:\/\/www.phils.aero\/wp-content\/uploads\/2022\/03\/IMG_0791-scaled-thegem-portfolio-metro.jpg 1x\" sizes=\"100vw\"> <img src=\"https:\/\/www.phils.aero\/wp-content\/uploads\/2022\/03\/IMG_0791-scaled-thegem-portfolio-metro.jpg\" width=\"667\" height=\"500\" class=\"attachment-thegem-portfolio-metro\" alt=\"Cessna Flugzeug\" \/> <\/picture> <\/div> <div class=\"overlay\"> <div class=\"overlay-circle\"><\/div> <a href=\"https:\/\/www.phils.aero\/wp-content\/uploads\/2022\/03\/IMG_0791-scaled.jpg\" class=\"gallery-item-link fancy-gallery\" data-fancybox=\"gallery-6a05cf70e5f57\" data-elementor-open-lightbox=\"no\" aria-label=\"Fullsize Image: Cockpit\"> <span class=\"slide-info\"> <\/span> <\/a> <div class=\"overlay-content\"> <div class=\"overlay-content-center\"> <div class=\"overlay-content-inner\"> <a href=\"https:\/\/www.phils.aero\/wp-content\/uploads\/2022\/03\/IMG_0791-scaled.jpg\" class=\"icon photo\" aria-label=\"Fullsize Image: Cockpit\"> <i class=\"default\"><\/i> <\/a> <div class=\"subtitle\"> Philipp Wetzel, Pilot, Rundfl\u00fcge, Businessfl\u00fcge, Kunstfl\u00fcge, Cockpit <\/div> <\/div> <\/div> <\/div> <\/div> <\/div> <\/div> <\/li> <li class=\"gallery-item gallery-0 col-xs-12 col-sm-6 col-md-4 item-animations-not-inited single-icon post-3032 page type-page status-publish\" style=\"padding: calc(29px\/2); \"> <div class=\"wrap gem-wrapbox gem-wrapbox-style-default\"> <div class=\"overlay-wrap\"> <div class=\"image-wrap\"> <picture> <source srcset=\"https:\/\/www.phils.aero\/wp-content\/uploads\/2022\/03\/IMG_5873-scaled-thegem-portfolio-metro.jpg 1x\" sizes=\"100vw\"> <img src=\"https:\/\/www.phils.aero\/wp-content\/uploads\/2022\/03\/IMG_5873-scaled-thegem-portfolio-metro.jpg\" width=\"375\" height=\"500\" class=\"attachment-thegem-portfolio-metro\" alt=\"Rundflug\" \/> <\/picture> <\/div> <div class=\"overlay\"> <div class=\"overlay-circle\"><\/div> <a href=\"https:\/\/www.phils.aero\/wp-content\/uploads\/2022\/03\/IMG_5873-scaled.jpg\" class=\"gallery-item-link fancy-gallery\" data-fancybox=\"gallery-6a05cf70e5f57\" data-elementor-open-lightbox=\"no\" aria-label=\"Fullsize Image: Rundflug\"> <span class=\"slide-info\"> <\/span> <\/a> <div class=\"overlay-content\"> <div class=\"overlay-content-center\"> <div class=\"overlay-content-inner\"> <a href=\"https:\/\/www.phils.aero\/wp-content\/uploads\/2022\/03\/IMG_5873-scaled.jpg\" class=\"icon photo\" aria-label=\"Fullsize Image: Rundflug\"> <i class=\"default\"><\/i> <\/a> <div class=\"subtitle\"> Philipp Wetzel, Pilot, Rundfl\u00fcge, Businessfl\u00fcge, Kunstfl\u00fcge <\/div> <\/div> <\/div> <\/div> <\/div> <\/div> <\/div> <\/li> <li class=\"gallery-item gallery-0 col-xs-12 col-sm-6 col-md-4 item-animations-not-inited single-icon post-3032 page type-page status-publish\" style=\"padding: calc(29px\/2); \"> <div class=\"wrap gem-wrapbox gem-wrapbox-style-default\"> <div class=\"overlay-wrap\"> <div class=\"image-wrap\"> <picture> <source srcset=\"https:\/\/www.phils.aero\/wp-content\/uploads\/2022\/03\/Philsavation-81-scaled-thegem-portfolio-metro.jpg 1x\" sizes=\"100vw\"> <img src=\"https:\/\/www.phils.aero\/wp-content\/uploads\/2022\/03\/Philsavation-81-scaled-thegem-portfolio-metro.jpg\" width=\"333\" height=\"500\" class=\"attachment-thegem-portfolio-metro\" alt=\"Phils Aviation\" \/> <\/picture> <\/div> <div class=\"overlay\"> <div class=\"overlay-circle\"><\/div> <a href=\"https:\/\/www.phils.aero\/wp-content\/uploads\/2022\/03\/Philsavation-81-scaled.jpg\" class=\"gallery-item-link fancy-gallery\" data-fancybox=\"gallery-6a05cf70e5f57\" data-elementor-open-lightbox=\"no\" aria-label=\"Fullsize Image: Phils Aviation\"> <span class=\"slide-info\"> <\/span> <\/a> <div class=\"overlay-content\"> <div class=\"overlay-content-center\"> <div class=\"overlay-content-inner\"> <a href=\"https:\/\/www.phils.aero\/wp-content\/uploads\/2022\/03\/Philsavation-81-scaled.jpg\" class=\"icon photo\" aria-label=\"Fullsize Image: Phils Aviation\"> <i class=\"default\"><\/i> <\/a> <div class=\"subtitle\"> Philipp Wetzel, Pilot, Rundfl\u00fcge, Businessfl\u00fcge, Kunstfl\u00fcge <\/div> <\/div> <\/div> <\/div> <\/div> <\/div> <\/div> <\/li> <li class=\"gallery-item gallery-0 col-xs-12 col-sm-6 col-md-4 item-animations-not-inited single-icon post-3032 page type-page status-publish\" style=\"padding: calc(29px\/2); \"> <div class=\"wrap gem-wrapbox gem-wrapbox-style-default\"> <div class=\"overlay-wrap\"> <div class=\"image-wrap\"> <picture> <source srcset=\"https:\/\/www.phils.aero\/wp-content\/uploads\/2022\/03\/IMG_0575-scaled-thegem-portfolio-metro.jpg 1x\" sizes=\"100vw\"> <img src=\"https:\/\/www.phils.aero\/wp-content\/uploads\/2022\/03\/IMG_0575-scaled-thegem-portfolio-metro.jpg\" width=\"667\" height=\"500\" class=\"attachment-thegem-portfolio-metro\" alt=\"Cockpit Flugzeug\" \/> <\/picture> <\/div> <div class=\"overlay\"> <div class=\"overlay-circle\"><\/div> <a href=\"https:\/\/www.phils.aero\/wp-content\/uploads\/2022\/03\/IMG_0575-scaled.jpg\" class=\"gallery-item-link fancy-gallery\" data-fancybox=\"gallery-6a05cf70e5f57\" data-elementor-open-lightbox=\"no\" aria-label=\"Fullsize Image: Cockpit Kunstflug\"> <span class=\"slide-info\"> <\/span> <\/a> <div class=\"overlay-content\"> <div class=\"overlay-content-center\"> <div class=\"overlay-content-inner\"> <a href=\"https:\/\/www.phils.aero\/wp-content\/uploads\/2022\/03\/IMG_0575-scaled.jpg\" class=\"icon photo\" aria-label=\"Fullsize Image: Cockpit Kunstflug\"> <i class=\"default\"><\/i> <\/a> <div class=\"subtitle\"> Cockpit, innen, rotes Leder, Edel, Kunstflug <\/div> <\/div> <\/div> <\/div> <\/div> <\/div> <\/div> <\/li> <li class=\"gallery-item gallery-0 col-xs-12 col-sm-6 col-md-4 item-animations-not-inited single-icon post-3032 page type-page status-publish\" style=\"padding: calc(29px\/2); \"> <div class=\"wrap gem-wrapbox gem-wrapbox-style-default\"> <div class=\"overlay-wrap\"> <div class=\"image-wrap\"> <picture> <source srcset=\"https:\/\/www.phils.aero\/wp-content\/uploads\/2022\/03\/IMG_0569-scaled-thegem-portfolio-metro.jpg 1x\" sizes=\"100vw\"> <img src=\"https:\/\/www.phils.aero\/wp-content\/uploads\/2022\/03\/IMG_0569-scaled-thegem-portfolio-metro.jpg\" width=\"667\" height=\"500\" class=\"attachment-thegem-portfolio-metro\" alt=\"Cockpit Flugzeug\" \/> <\/picture> <\/div> <div class=\"overlay\"> <div class=\"overlay-circle\"><\/div> <a href=\"https:\/\/www.phils.aero\/wp-content\/uploads\/2022\/03\/IMG_0569-scaled.jpg\" class=\"gallery-item-link fancy-gallery\" data-fancybox=\"gallery-6a05cf70e5f57\" data-elementor-open-lightbox=\"no\" aria-label=\"Fullsize Image: Cockpit Kunstflug\"> <span class=\"slide-info\"> <\/span> <\/a> <div class=\"overlay-content\"> <div class=\"overlay-content-center\"> <div class=\"overlay-content-inner\"> <a href=\"https:\/\/www.phils.aero\/wp-content\/uploads\/2022\/03\/IMG_0569-scaled.jpg\" class=\"icon photo\" aria-label=\"Fullsize Image: Cockpit Kunstflug\"> <i class=\"default\"><\/i> <\/a> <div class=\"subtitle\"> Cockpit, innen, rotes Leder, Edel, Kunstflug <\/div> <\/div> <\/div> <\/div> <\/div> <\/div> <\/div> <\/li> <\/ul> <div class=\"portfolio-item-size-container\"> <li class=\"gallery-item size-item col-xs-12 col-sm-6 col-md-4 post-3032 page type-page status-publish\" style=\"padding: calc(29px\/2); \"> <\/li> <\/div> <\/div> <\/div> <\/div> <\/div>\t\t\t\t<\/div>\n\t\t\t\t<\/div>\n\t\t\t\t\t<\/div>\n\t\t<\/div>\n\t\t\t\t\t<\/div><\/div>\r\n\t\t<\/section>\r\n\t\t\t\t<\/div>","protected":false},"excerpt":{"rendered":"<p>BUSINESSFL\u00dcGE Gesch\u00e4ftsreise per Flugzeug? Kein Problem, ich bringe DICH an DEIN...<\/p>","protected":false},"author":1,"featured_media":0,"parent":0,"menu_order":0,"comment_status":"closed","ping_status":"closed","template":"page-fullwidth.php","meta":{"footnotes":""},"class_list":["post-3032","page","type-page","status-publish"],"_links":{"self":[{"href":"https:\/\/www.phils.aero\/en\/wp-json\/wp\/v2\/pages\/3032","targetHints":{"allow":["GET"]}}],"collection":[{"href":"https:\/\/www.phils.aero\/en\/wp-json\/wp\/v2\/pages"}],"about":[{"href":"https:\/\/www.phils.aero\/en\/wp-json\/wp\/v2\/types\/page"}],"author":[{"embeddable":true,"href":"https:\/\/www.phils.aero\/en\/wp-json\/wp\/v2\/users\/1"}],"replies":[{"embeddable":true,"href":"https:\/\/www.phils.aero\/en\/wp-json\/wp\/v2\/comments?post=3032"}],"version-history":[{"count":0,"href":"https:\/\/www.phils.aero\/en\/wp-json\/wp\/v2\/pages\/3032\/revisions"}],"wp:attachment":[{"href":"https:\/\/www.phils.aero\/en\/wp-json\/wp\/v2\/media?parent=3032"}],"curies":[{"name":"wp","href":"https:\/\/api.w.org\/{rel}","templated":true}]}}