{"id":3235,"date":"2022-03-18T19:50:08","date_gmt":"2022-03-18T18:50:08","guid":{"rendered":"https:\/\/www.phils.aero\/?page_id=3235"},"modified":"2025-12-29T16:33:43","modified_gmt":"2025-12-29T15:33:43","slug":"datenschutzerklaerung","status":"publish","type":"page","link":"https:\/\/www.phils.aero\/en\/datenschutzerklaerung\/","title":{"rendered":"Privacy Policy"},"content":{"rendered":"<div data-elementor-type=\"wp-page\" data-elementor-id=\"3235\" class=\"elementor elementor-3235\">\n\t\t\t\t\t\t<section class=\"elementor-section elementor-top-section elementor-element elementor-element-69d3d67 elementor-section-boxed elementor-section-height-default elementor-section-height-default\" data-id=\"69d3d67\" data-element_type=\"section\" data-e-type=\"section\" data-settings=\"{&quot;background_background&quot;:&quot;classic&quot;}\">\r\n\t\t\t\t\t\t<div class=\"elementor-container elementor-column-gap-thegem\"><div class=\"elementor-row\">\r\n\t\t\t\t\t<div class=\"elementor-column elementor-col-100 elementor-top-column elementor-element elementor-element-4acd26f\" data-id=\"4acd26f\" data-element_type=\"column\" data-e-type=\"column\">\n\t\t\t<div class=\"elementor-widget-wrap elementor-element-populated\">\n\t\t\t\t\t\t<div class=\"elementor-element elementor-element-bc08c27 flex-horizontal-align-default flex-horizontal-align-tablet-default flex-horizontal-align-mobile-default flex-vertical-align-default flex-vertical-align-tablet-default flex-vertical-align-mobile-default elementor-widget elementor-widget-text-editor\" data-id=\"bc08c27\" data-element_type=\"widget\" data-e-type=\"widget\" data-widget_type=\"text-editor.default\">\n\t\t\t\t<div class=\"elementor-widget-container\">\n\t\t\t\t\t\t\t\t\t\t\t\t<div class=\"elementor-text-editor elementor-clearfix\">\r\n\t\t\t\t\t\t<div><b>Privacy Policy<br><br><\/b><\/div>\n<div><\/div>\n<div><b>1. Verantwortlicher<\/b><\/div>\n<div><\/div>\n<div>Verantwortlicher im Sinne der Datenschutz-Grundverordnung (DSGVO):<\/div>\n<div><\/div>\n<div>Arnold Events GmbH<\/div>\n<div>Wilhermsdorfer Str. 43<\/div>\n<div>09387 Jahnsdorf<\/div>\n<div>Deutschland<\/div>\n<div>Handelsregister: HRB 35031<\/div>\n<div><\/div>\n<div>E-Mail: contact@phils.aero<\/div>\n<div><\/div>\n<div>\u2e3b<\/div>\n<div><\/div>\n<div><b>2. Allgemeine Hinweise zur Datenverarbeitung<\/b><\/div>\n<div><\/div>\n<div>Wir verarbeiten personenbezogene Daten unserer Nutzer grunds\u00e4tzlich nur, soweit dies zur Bereitstellung einer funktionsf\u00e4higen Website, zur Vertragsdurchf\u00fchrung sowie zur Erbringung unserer Leistungen erforderlich ist.<\/div>\n<div>Die Verarbeitung erfolgt stets im Einklang mit der DSGVO sowie den geltenden nationalen Datenschutzbestimmungen.<\/div>\n<div><\/div>\n<div>\u2e3b<\/div>\n<div><\/div>\n<div><b>3. Erhebung und Speicherung personenbezogener Daten<\/b><\/div>\n<div><\/div>\n<div>a) Beim Besuch der Website<\/div>\n<div><\/div>\n<div>Beim Aufruf unserer Website werden automatisch folgende Daten erhoben:<\/div>\n<div><span> \u2022 IP-Adresse<\/span><\/div>\n<div><span> \u2022 Datum und Uhrzeit des Zugriffs<\/span><\/div>\n<div><span> \u2022 Browsertyp und -version<\/span><\/div>\n<div><span> \u2022 Betriebssystem<\/span><\/div>\n<div><span> \u2022 Referrer-URL<\/span><\/div>\n<div><\/div>\n<div>Zweck:<\/div>\n<div>Gew\u00e4hrleistung der Systemsicherheit und -stabilit\u00e4t<\/div>\n<div>Rechtsgrundlage: Art. 6 Abs. 1 lit. f DSGVO<\/div>\n<div><\/div>\n<div>\u2e3b<\/div>\n<div><\/div>\n<div>b) Bei Online-Buchung eines Fahrzeugs<\/div>\n<div><\/div>\n<div>Im Rahmen der Buchung erheben wir folgende Daten:<\/div>\n<div><span> \u2022 Vor- und Nachname<\/span><\/div>\n<div><span> \u2022 Anschrift<\/span><\/div>\n<div><span> \u2022 E-Mail-Adresse<\/span><\/div>\n<div><span> \u2022 Telefonnummer<\/span><\/div>\n<div><span> \u2022 Zahlungsdaten<\/span><\/div>\n<div><span> \u2022 Buchungs- und Mietdaten<\/span><\/div>\n<div><span> \u2022 Upload des F\u00fchrerscheins<\/span><\/div>\n<div><\/div>\n<div>Zweck:<\/div>\n<div>Durchf\u00fchrung und Abwicklung des Mietvertrags<\/div>\n<div>Rechtsgrundlage: Art. 6 Abs. 1 lit. b DSGVO<\/div>\n<div><\/div>\n<div>\u2e3b<\/div>\n<div><\/div>\n<div>c) F\u00fchrerschein-Upload<\/div>\n<div><\/div>\n<div>Der Upload des F\u00fchrerscheins dient der gesetzlichen und vertraglichen \u00dcberpr\u00fcfung der Fahrberechtigung.<\/div>\n<div><\/div>\n<div>Rechtsgrundlage:<\/div>\n<div>Art. 6 Abs. 1 lit. b DSGVO (Vertragserf\u00fcllung)<\/div>\n<div><\/div>\n<div>Die Daten werden nur solange gespeichert, wie dies zur Vertragsdurchf\u00fchrung und rechtlichen Absicherung erforderlich ist.<\/div>\n<div><\/div>\n<div>\u2e3b<\/div>\n<div><\/div>\n<div><b>4. Kundenportal<\/b><\/div>\n<div><\/div>\n<div>Im Kundenportal k\u00f6nnen Buchungsdetails, Schadensprotokolle und Vertragsdaten eingesehen werden.<\/div>\n<div><\/div>\n<div>Zweck:<\/div>\n<div>Vertragsverwaltung, Transparenz, Nachweisf\u00fchrung<\/div>\n<div>Rechtsgrundlage: Art. 6 Abs. 1 lit. b DSGVO<\/div>\n<div><\/div>\n<div>\u2e3b<\/div>\n<div><\/div>\n<div><b>5. Zahlungsabwicklung<\/b><\/div>\n<div><\/div>\n<div>Die Zahlungsabwicklung erfolgt \u00fcber externe Zahlungsdienstleister.<\/div>\n<div>Dabei werden nur die f\u00fcr den Zahlungsvorgang erforderlichen Daten \u00fcbermittelt.<\/div>\n<div><\/div>\n<div>Rechtsgrundlage:<\/div>\n<div>Art. 6 Abs. 1 lit. b DSGVO<\/div>\n<div><\/div>\n<div>Es gelten zus\u00e4tzlich die Datenschutzbestimmungen des jeweiligen Zahlungsanbieters.<\/div>\n<div><\/div>\n<div>\u2e3b<\/div>\n<div><\/div>\n<div><b>6. Weitergabe von Daten<\/b><\/div>\n<div><\/div>\n<div>Eine Weitergabe personenbezogener Daten erfolgt nur, wenn:<\/div>\n<div><span> \u2022 dies zur Vertragserf\u00fcllung erforderlich ist,<\/span><\/div>\n<div><span> \u2022 eine gesetzliche Verpflichtung besteht,<\/span><\/div>\n<div><span> \u2022 oder eine ausdr\u00fcckliche Einwilligung vorliegt.<\/span><\/div>\n<div><\/div>\n<div>Eine \u00dcbermittlung an Dritte zu Werbezwecken findet nicht statt.<\/div>\n<div><\/div>\n<div>\u2e3b<\/div>\n<div><\/div>\n<div><b>7. Speicherung und L\u00f6schung<\/b><\/div>\n<div><\/div>\n<div>Personenbezogene Daten werden nur so lange gespeichert, wie es f\u00fcr die jeweiligen Zwecke erforderlich ist oder gesetzliche Aufbewahrungspflichten bestehen.<\/div>\n<div>Nach Wegfall des Zwecks werden die Daten gel\u00f6scht.<\/div>\n<div><\/div>\n<div>\u2e3b<\/div>\n<div><\/div>\n<div><b>8. Betroffenenrechte<\/b><\/div>\n<div><\/div>\n<div>Betroffene Personen haben das Recht:<\/div>\n<div><span> \u2022 auf Auskunft (Art. 15 DSGVO)<\/span><\/div>\n<div><span> \u2022 auf Berichtigung (Art. 16 DSGVO)<\/span><\/div>\n<div><span> \u2022 auf L\u00f6schung (Art. 17 DSGVO)<\/span><\/div>\n<div><span> \u2022 auf Einschr\u00e4nkung der Verarbeitung (Art. 18 DSGVO)<\/span><\/div>\n<div><span> \u2022 auf Daten\u00fcbertragbarkeit (Art. 20 DSGVO)<\/span><\/div>\n<div><span> \u2022 auf Widerspruch gegen die Verarbeitung (Art. 21 DSGVO)<\/span><\/div>\n<div><\/div>\n<div>Anfragen sind an den Verantwortlichen zu richten.<\/div>\n<div><\/div>\n<div>\u2e3b<\/div>\n<div><\/div>\n<div><b>9. Widerrufsrecht bei Einwilligungen<\/b><\/div>\n<div><\/div>\n<div>Eine erteilte Einwilligung kann jederzeit mit Wirkung f\u00fcr die Zukunft widerrufen werden.<\/div>\n<div><\/div>\n<div>\u2e3b<\/div>\n<div><\/div>\n<div><b>10. Beschwerderecht<\/b><\/div>\n<div><\/div>\n<div>Es besteht ein Beschwerderecht bei der zust\u00e4ndigen Datenschutzaufsichtsbeh\u00f6rde.<\/div>\n<div><\/div>\n<div>\u2e3b<\/div>\n<div><\/div>\n<div><b>11. Datensicherheit<\/b><\/div>\n<div><\/div>\n<div>Wir setzen technische und organisatorische Sicherheitsma\u00dfnahmen ein, um personenbezogene Daten vor Manipulation, Verlust oder unbefugtem Zugriff zu sch\u00fctzen.<\/div>\n<div><\/div>\n<div>\u2e3b<\/div>\n<div><\/div>\n<div><b>12. Aktualit\u00e4t und \u00c4nderung dieser Datenschutzerkl\u00e4rung<\/b><\/div>\n<div><\/div>\n<div>Diese Datenschutzerkl\u00e4rung ist aktuell g\u00fcltig und wird bei Bedarf angepasst.<br><br><\/div>\n<div><\/div>\n<div>Stand: 28.12.2025<\/div>\t\t\t\t\t\t\t<\/div>\r\n\t\t\t\t\t\t\t\t\t\t<\/div>\n\t\t\t\t<\/div>\n\t\t\t\t\t<\/div>\n\t\t<\/div>\n\t\t\t\t\t<\/div><\/div>\r\n\t\t<\/section>\r\n\t\t\t\t<\/div>","protected":false},"excerpt":{"rendered":"<p>Datenschutzerkl\u00e4rung 1. Verantwortlicher Verantwortlicher im Sinne der Datenschutz-Grundverordnung (DSGVO): Arnold Events...<\/p>","protected":false},"author":1,"featured_media":0,"parent":0,"menu_order":0,"comment_status":"closed","ping_status":"closed","template":"page-fullwidth.php","meta":{"footnotes":""},"class_list":["post-3235","page","type-page","status-publish"],"_links":{"self":[{"href":"https:\/\/www.phils.aero\/en\/wp-json\/wp\/v2\/pages\/3235","targetHints":{"allow":["GET"]}}],"collection":[{"href":"https:\/\/www.phils.aero\/en\/wp-json\/wp\/v2\/pages"}],"about":[{"href":"https:\/\/www.phils.aero\/en\/wp-json\/wp\/v2\/types\/page"}],"author":[{"embeddable":true,"href":"https:\/\/www.phils.aero\/en\/wp-json\/wp\/v2\/users\/1"}],"replies":[{"embeddable":true,"href":"https:\/\/www.phils.aero\/en\/wp-json\/wp\/v2\/comments?post=3235"}],"version-history":[{"count":0,"href":"https:\/\/www.phils.aero\/en\/wp-json\/wp\/v2\/pages\/3235\/revisions"}],"wp:attachment":[{"href":"https:\/\/www.phils.aero\/en\/wp-json\/wp\/v2\/media?parent=3235"}],"curies":[{"name":"wp","href":"https:\/\/api.w.org\/{rel}","templated":true}]}}