{"id":8386,"date":"2025-12-28T13:21:18","date_gmt":"2025-12-28T12:21:18","guid":{"rendered":"https:\/\/www.phils.aero\/?page_id=8386"},"modified":"2025-12-29T16:36:01","modified_gmt":"2025-12-29T15:36:01","slug":"agb","status":"publish","type":"page","link":"https:\/\/www.phils.aero\/en\/agb\/","title":{"rendered":"Terms and Conditions"},"content":{"rendered":"<div data-elementor-type=\"wp-page\" data-elementor-id=\"8386\" class=\"elementor elementor-8386\">\n\t\t\t\t\t\t<section class=\"elementor-section elementor-top-section elementor-element elementor-element-69d3d67 elementor-section-boxed elementor-section-height-default elementor-section-height-default\" data-id=\"69d3d67\" data-element_type=\"section\" data-e-type=\"section\">\r\n\t\t\t\t\t\t<div class=\"elementor-container elementor-column-gap-thegem\"><div class=\"elementor-row\">\r\n\t\t\t\t\t<div class=\"elementor-column elementor-col-100 elementor-top-column elementor-element elementor-element-4acd26f\" data-id=\"4acd26f\" data-element_type=\"column\" data-e-type=\"column\">\n\t\t\t<div class=\"elementor-widget-wrap elementor-element-populated\">\n\t\t\t\t\t\t<div class=\"elementor-element elementor-element-bc08c27 flex-horizontal-align-default flex-horizontal-align-tablet-default flex-horizontal-align-mobile-default flex-vertical-align-default flex-vertical-align-tablet-default flex-vertical-align-mobile-default elementor-widget elementor-widget-text-editor\" data-id=\"bc08c27\" data-element_type=\"widget\" data-e-type=\"widget\" data-widget_type=\"text-editor.default\">\n\t\t\t\t<div class=\"elementor-widget-container\">\n\t\t\t\t\t\t\t\t\t\t\t\t<div class=\"elementor-text-editor elementor-clearfix\">\r\n\t\t\t\t\t\t<div><b>Allgemeine Gesch\u00e4ftsbedingungen (AGB)<\/b><\/div><div><\/div><div>f\u00fcr die Fahrzeugvermietung der Arnold Events GmbH<\/div><div><\/div><div>Arnold Events GmbH<\/div><div>Wilhermsdorfer Str. 43<\/div><div>09387 Jahnsdorf<\/div><div>Handelsregister: HRB 35031<\/div><div>(nachfolgend \u201eVermieter\u201c)<\/div><div><\/div><div>\u2e3b<\/div><div><\/div><div><b>\u00a71 Geltungsbereich<\/b><\/div><div><\/div><div>(1) Diese Allgemeinen Gesch\u00e4ftsbedingungen (AGB) gelten f\u00fcr s\u00e4mtliche Vertr\u00e4ge \u00fcber die zeitweise \u00dcberlassung von Kraftfahrzeugen zwischen dem Vermieter und dem Kunden (nachfolgend \u201eMieter\u201c).<\/div><div>(2) Der Mietvertrag kommt ausschlie\u00dflich \u00fcber das Online-Buchungssystem des Vermieters zustande.<\/div><div>(3) Abweichende Gesch\u00e4ftsbedingungen des Mieters finden keine Anwendung, es sei denn, ihrer Geltung wird ausdr\u00fccklich schriftlich zugestimmt.<\/div><div><\/div><div>\u2e3b<\/div><div><\/div><div><b>\u00a72 Vertragsabschluss<\/b><\/div><div><\/div><div>(1) Die Darstellung der Fahrzeuge auf der Website stellt kein verbindliches Angebot dar.<\/div><div>(2) Mit Abschluss der Online-Buchung, Anerkennung dieser AGB und vollst\u00e4ndiger Zahlung gibt der Mieter ein verbindliches Angebot ab.<\/div><div>(3) Der Vertrag kommt mit Versand der Buchungsbest\u00e4tigung per E-Mail zustande.<\/div><div><\/div><div>\u2e3b<\/div><div><\/div><div><b>\u00a73 Fahrzeug\u00fcbergabe und -r\u00fcckgabe<\/b><\/div><div><\/div><div>(1) Das Fahrzeug wird kontaktlos am Standort Flugplatz Chemnitz Jahnsdorf \u00fcber einen Schl\u00fcsselsafe \u00fcbergeben.<\/div><div>(2) Der Mieter erh\u00e4lt nach Vertragsschluss einen individuellen Zugangscode.<\/div><div>(3) Der Fahrzeugschl\u00fcssel ist nach Mietende unverz\u00fcglich wieder im Schl\u00fcsselsafe zu hinterlegen.<\/div><div>(4) Das Fahrzeug ist:<\/div><div><span> \u2022 sp\u00e4testens zum vereinbarten Mietende,<\/span><\/div><div><span> \u2022 am Ausgangsort,<\/span><\/div><div><span> \u2022 vollgetankt<\/span><\/div><div>zur\u00fcckzugeben.<\/div><div>(5) Abweichungen werden gem\u00e4\u00df der jeweils g\u00fcltigen Preisliste nachberechnet.<\/div><div><\/div><div>\u2e3b<\/div><div><\/div><div><b>\u00a74 Nutzungsberechtigung \/ Fahrer<\/b><\/div><div><\/div><div>(1) Das Fahrzeug darf ausschlie\u00dflich vom Mieter und den im Buchungsvorgang registrierten Zusatzfahrern gef\u00fchrt werden.<\/div><div>(2) Fahrer m\u00fcssen:<\/div><div><span> \u2022 mindestens 18 Jahre alt sein,<\/span><\/div><div><span> \u2022 einen g\u00fcltigen EU-F\u00fchrerschein besitzen.<\/span><\/div><div>(3) Der F\u00fchrerschein ist vor Mietbeginn digital hochzuladen.<\/div><div>(4) Zusatzfahrer sind nur bei vorheriger Anmeldung versichert.<\/div><div>(5) Bei Nutzung durch nicht berechtigte Fahrer haftet der Mieter vollumf\u00e4nglich.<\/div><div><\/div><div>\u2e3b<\/div><div><\/div><div><b>\u00a75 Nutzungsvorschriften<\/b><\/div><div><\/div><div>(1) Das Fahrzeug darf ausschlie\u00dflich innerhalb Deutschlands genutzt werden.<\/div><div>(2) Fahrten ins Ausland bed\u00fcrfen einer vorherigen schriftlichen Genehmigung.<\/div><div>(3) Untersagt sind insbesondere:<\/div><div><span> \u2022 Renn- und Wettbewerbsfahrten,<\/span><\/div><div><span> \u2022 Fahrten unter Alkohol-, Drogen- oder Medikamenteneinfluss,<\/span><\/div><div><span> \u2022 \u00dcberlassung an Dritte,<\/span><\/div><div><span> \u2022 unsachgem\u00e4\u00dfe Nutzung.<\/span><\/div><div><\/div><div>\u2e3b<\/div><div><\/div><div><b>\u00a76 Rauchverbot<\/b><\/div><div><\/div><div>(1) In s\u00e4mtlichen Fahrzeugen gilt absolutes Rauchverbot.<\/div><div>(2) Verst\u00f6\u00dfe werden gem\u00e4\u00df Preisliste (Reinigung, Ausfallzeit) berechnet.<\/div><div><\/div><div>\u2e3b<\/div><div><\/div><div><b>\u00a77 Preise, Kilometerregelung und Zahlung<\/b><\/div><div><\/div><div>(1) Es gelten die zum Buchungszeitpunkt ver\u00f6ffentlichten Preise.<\/div><div>(2) Im Mietpreis sind 100 Kilometer pro Kalendertag enthalten.<\/div><div>(3) Mehrkilometer werden gem\u00e4\u00df Preisliste berechnet.<\/div><div>(4) Die Zahlung erfolgt vollst\u00e4ndig im Voraus.<\/div><div><\/div><div>\u2e3b<\/div><div><\/div><div><b>\u00a78 Stornierung, Nichtantritt und \u00dcberziehung<\/b><\/div><div><\/div><div>(1) Stornierungen richten sich nach der jeweils g\u00fcltigen Preisliste.<\/div><div>(2) Bei Nichtantritt oder versp\u00e4teter R\u00fcckgabe ist der Vermieter berechtigt, Zusatzkosten gem\u00e4\u00df Preisliste zu berechnen.<\/div><div><\/div><div>\u2e3b<\/div><div><\/div><div><b>\u00a79 Sch\u00e4den, M\u00e4ngel und Schadensprotokoll<\/b><\/div><div><\/div><div>(1) Vor Fahrtantritt hat der Mieter das Fahrzeug auf sichtbare Sch\u00e4den zu \u00fcberpr\u00fcfen.<\/div><div>(2) Ein fortlaufendes Schadensprotokoll ist online sowie im Kundenportal einsehbar.<\/div><div>(3) Sch\u00e4den, die nicht dokumentiert oder vor Fahrtantritt gemeldet wurden, gelten als w\u00e4hrend der Mietzeit entstanden.<\/div><div>(4) Sch\u00e4den sind unverz\u00fcglich zu melden.<\/div><div><\/div><div>\u2e3b<\/div><div><\/div><div><b>\u00a710 Haftung und Selbstbeteiligung<\/b><\/div><div><\/div><div>(1) Das Fahrzeug ist haftpflicht- und kaskoversichert.<\/div><div>(2) Die Selbstbeteiligung betr\u00e4gt 1.000 \u20ac pro Schadensfall gem\u00e4\u00df Preisliste.<\/div><div>(3) Bei vors\u00e4tzlicher oder grob fahrl\u00e4ssiger Pflichtverletzung entf\u00e4llt der Versicherungsschutz.<\/div><div>(4) Der Mieter haftet auch f\u00fcr Folgekosten, Ausfallzeiten und Wertminderung.<\/div><div><\/div><div>\u2e3b<\/div><div><\/div><div><b>\u00a711 Versicherung<\/b><\/div><div><\/div><div>(1) Versicherungsschutz besteht ausschlie\u00dflich f\u00fcr berechtigte Fahrer.<\/div><div>(2) Details ergeben sich aus der Preisliste und den Versicherungsbedingungen.<\/div><div><\/div><div>\u2e3b<\/div><div><\/div><div><b>\u00a712 Haftungsbeschr\u00e4nkung des Vermieters<\/b><\/div><div><\/div><div>(1) Der Vermieter haftet unbeschr\u00e4nkt bei Vorsatz und grober Fahrl\u00e4ssigkeit.<\/div><div>(2) Bei leichter Fahrl\u00e4ssigkeit nur bei Verletzung wesentlicher Vertragspflichten.<\/div><div>(3) Die Haftung ist in diesen F\u00e4llen auf den vertragstypischen Schaden begrenzt.<\/div><div><\/div><div>\u2e3b<\/div><div><\/div><div><b>\u00a713 H\u00f6here Gewalt<\/b><\/div><div><\/div><div>Der Vermieter haftet nicht f\u00fcr Leistungsausf\u00e4lle aufgrund h\u00f6herer Gewalt oder beh\u00f6rdlicher Anordnungen.<\/div><div><\/div><div>\u2e3b<\/div><div><\/div><div><b>\u00a714 Datenschutz<\/b><\/div><div><\/div><div>Es gilt die Datenschutzerkl\u00e4rung auf der Website des Vermieters.<\/div><div><\/div><div>\u2e3b<\/div><div><\/div><div><b>\u00a715 Schlussbestimmungen<\/b><\/div><div><\/div><div>(1) Es gilt deutsches Recht.<\/div><div>(2) Gerichtsstand ist \u2013 soweit zul\u00e4ssig \u2013 der Sitz des Vermieters.<\/div><div>(3) Sollten einzelne Bestimmungen unwirksam sein, bleibt die Wirksamkeit der \u00fcbrigen unber\u00fchrt.<\/div>\t\t\t\t\t\t\t<\/div>\r\n\t\t\t\t\t\t\t\t\t\t<\/div>\n\t\t\t\t<\/div>\n\t\t\t\t\t<\/div>\n\t\t<\/div>\n\t\t\t\t\t<\/div><\/div>\r\n\t\t<\/section>\r\n\t\t\t\t<\/div>","protected":false},"excerpt":{"rendered":"<p>Allgemeine Gesch\u00e4ftsbedingungen (AGB)f\u00fcr die Fahrzeugvermietung der Arnold Events GmbHArnold Events GmbHWilhermsdorfer...<\/p>","protected":false},"author":1,"featured_media":0,"parent":0,"menu_order":0,"comment_status":"closed","ping_status":"closed","template":"page-fullwidth.php","meta":{"footnotes":""},"class_list":["post-8386","page","type-page","status-publish"],"_links":{"self":[{"href":"https:\/\/www.phils.aero\/en\/wp-json\/wp\/v2\/pages\/8386","targetHints":{"allow":["GET"]}}],"collection":[{"href":"https:\/\/www.phils.aero\/en\/wp-json\/wp\/v2\/pages"}],"about":[{"href":"https:\/\/www.phils.aero\/en\/wp-json\/wp\/v2\/types\/page"}],"author":[{"embeddable":true,"href":"https:\/\/www.phils.aero\/en\/wp-json\/wp\/v2\/users\/1"}],"replies":[{"embeddable":true,"href":"https:\/\/www.phils.aero\/en\/wp-json\/wp\/v2\/comments?post=8386"}],"version-history":[{"count":0,"href":"https:\/\/www.phils.aero\/en\/wp-json\/wp\/v2\/pages\/8386\/revisions"}],"wp:attachment":[{"href":"https:\/\/www.phils.aero\/en\/wp-json\/wp\/v2\/media?parent=8386"}],"curies":[{"name":"wp","href":"https:\/\/api.w.org\/{rel}","templated":true}]}}